{"id":5000,"date":"2022-05-16T16:52:32","date_gmt":"2022-05-16T14:52:32","guid":{"rendered":"https:\/\/www.ovaprojects.com\/work-with-us\/"},"modified":"2022-09-15T17:00:48","modified_gmt":"2022-09-15T15:00:48","slug":"trabaja-con-nosotros","status":"publish","type":"page","link":"https:\/\/www.ovaprojects.com\/es\/trabaja-con-nosotros\/","title":{"rendered":"Trabaja con nosotros"},"content":{"rendered":"\t\t<div data-elementor-type=\"wp-page\" data-elementor-id=\"5000\" class=\"elementor elementor-5000 elementor-1902\">\n\t\t\t\t\t\t<section class=\"elementor-section elementor-top-section elementor-element elementor-element-9cfb912 elementor-section-boxed elementor-section-height-default elementor-section-height-default\" data-id=\"9cfb912\" data-element_type=\"section\" data-settings=\"{&quot;jet_parallax_layout_list&quot;:[]}\">\n\t\t\t\t\t\t<div class=\"elementor-container elementor-column-gap-default\">\n\t\t\t\t\t<div class=\"elementor-column elementor-col-100 elementor-top-column elementor-element elementor-element-06047d1\" data-id=\"06047d1\" data-element_type=\"column\">\n\t\t\t<div class=\"elementor-widget-wrap elementor-element-populated\">\n\t\t\t\t\t\t<div class=\"elementor-element elementor-element-c256cf1 elementor-widget elementor-widget-text-editor\" data-id=\"c256cf1\" data-element_type=\"widget\" data-widget_type=\"text-editor.default\">\n\t\t\t\t<div class=\"elementor-widget-container\">\n\t\t\t\t\t\t\t<p>Trabaja con nosotros<\/p>\t\t\t\t\t\t<\/div>\n\t\t\t\t<\/div>\n\t\t\t\t\t<\/div>\n\t\t<\/div>\n\t\t\t\t\t<\/div>\n\t\t<\/section>\n\t\t\t\t<section class=\"elementor-section elementor-top-section elementor-element elementor-element-7319609 elementor-reverse-mobile elementor-section-boxed elementor-section-height-default elementor-section-height-default\" data-id=\"7319609\" data-element_type=\"section\" data-settings=\"{&quot;jet_parallax_layout_list&quot;:[]}\">\n\t\t\t\t\t\t<div class=\"elementor-container elementor-column-gap-default\">\n\t\t\t\t\t<div class=\"elementor-column elementor-col-33 elementor-top-column elementor-element elementor-element-f752388\" data-id=\"f752388\" data-element_type=\"column\" data-settings=\"{&quot;background_background&quot;:&quot;classic&quot;}\">\n\t\t\t<div class=\"elementor-widget-wrap elementor-element-populated\">\n\t\t\t\t\t\t<div class=\"elementor-element elementor-element-bb2d6f5 elementor-widget elementor-widget-image\" data-id=\"bb2d6f5\" data-element_type=\"widget\" data-widget_type=\"image.default\">\n\t\t\t\t<div class=\"elementor-widget-container\">\n\t\t\t\t\t\t\t\t\t\t\t\t\t<img fetchpriority=\"high\" decoding=\"async\" width=\"499\" height=\"1024\" src=\"https:\/\/www.ovaprojects.com\/wp-content\/uploads\/2022\/09\/work-with-us-ova-projects-handshake-499x1024.jpg\" class=\"attachment-large size-large wp-image-4540\" alt=\"Work with us - OVA Projects\" srcset=\"https:\/\/www.ovaprojects.com\/wp-content\/uploads\/2022\/09\/work-with-us-ova-projects-handshake-499x1024.jpg 499w, https:\/\/www.ovaprojects.com\/wp-content\/uploads\/2022\/09\/work-with-us-ova-projects-handshake-146x300.jpg 146w, https:\/\/www.ovaprojects.com\/wp-content\/uploads\/2022\/09\/work-with-us-ova-projects-handshake.jpg 600w\" sizes=\"(max-width: 499px) 100vw, 499px\" \/>\t\t\t\t\t\t\t\t\t\t\t\t\t<\/div>\n\t\t\t\t<\/div>\n\t\t\t\t\t<\/div>\n\t\t<\/div>\n\t\t\t\t<div class=\"elementor-column elementor-col-33 elementor-top-column elementor-element elementor-element-8cf0602\" data-id=\"8cf0602\" data-element_type=\"column\">\n\t\t\t<div class=\"elementor-widget-wrap\">\n\t\t\t\t\t\t\t<\/div>\n\t\t<\/div>\n\t\t\t\t<div class=\"elementor-column elementor-col-33 elementor-top-column elementor-element elementor-element-78d1cbb\" data-id=\"78d1cbb\" data-element_type=\"column\" data-settings=\"{&quot;background_background&quot;:&quot;classic&quot;}\">\n\t\t\t<div class=\"elementor-widget-wrap elementor-element-populated\">\n\t\t\t\t\t\t<div class=\"elementor-element elementor-element-5e12d23 elementor-widget elementor-widget-jet-engine-booking-form\" data-id=\"5e12d23\" data-element_type=\"widget\" data-widget_type=\"jet-engine-booking-form.default\">\n\t\t\t\t<div class=\"elementor-widget-container\">\n\t\t\t<form  class=\"jet-form layout-column submit-type-reload\" action=\"\/es\/wp-json\/wp\/v2\/pages\/5000?jet_engine_action=book&#038;nocache=1775911685\" method=\"POST\" data-form-id=\"5405\"><input class=\"jet-form__field hidden-field\" type=\"hidden\" name=\"_jet_engine_booking_form_id\" value=\"5405\" data-field-name=\"_jet_engine_booking_form_id\"><input class=\"jet-form__field hidden-field\" type=\"hidden\" name=\"_jet_engine_refer\" value=\"https:\/\/www.ovaprojects.com\/es\/wp-json\/wp\/v2\/pages\/5000\/\" data-field-name=\"_jet_engine_refer\"><div  class=\"jet-form-row jet-form-row--first-visible\"><div class=\"jet-form-col jet-form-col-12  field-type-textarea  jet-form-field-container\" data-field=\"why-message\" data-conditional=\"false\"><div class=\"jet-form__label\">\n\t<span class=\"jet-form__label-text\" >\u00bfPor qu\u00e9 quieres trabajar con nosotros? <span class=\"jet-form__required\">*<\/span><\/span>\n\t<\/div><textarea class=\"jet-form__field textarea-field\" required=\"required\" name=\"why-message\" data-field-name=\"why-message\" id=\"why-message\"><\/textarea><\/div><\/div><div  class=\"jet-form-row\"><div class=\"jet-form-col jet-form-col-6  field-type-text  jet-form-field-container\" data-field=\"nombre\" data-conditional=\"false\"><div class=\"jet-form__label\">\n\t<span class=\"jet-form__label-text\" >Nombre<span class=\"jet-form__required\">*<\/span><\/span>\n\t<\/div><input class=\"jet-form__field text-field \" value=\"\" required=\"required\" name=\"nombre\" id=\"nombre\" type=\"text\" data-field-name=\"nombre\"><\/div><div class=\"jet-form-col jet-form-col-6  field-type-text  jet-form-field-container\" data-field=\"apellido\" data-conditional=\"false\"><div class=\"jet-form__label\">\n\t<span class=\"jet-form__label-text\" >Apellido<span class=\"jet-form__required\">*<\/span><\/span>\n\t<\/div><input class=\"jet-form__field text-field \" value=\"\" required=\"required\" name=\"apellido\" id=\"apellido\" type=\"text\" data-field-name=\"apellido\"><\/div><\/div><div  class=\"jet-form-row\"><div class=\"jet-form-col jet-form-col-6  field-type-text  jet-form-field-container\" data-field=\"ciudad\" data-conditional=\"false\"><div class=\"jet-form__label\">\n\t<span class=\"jet-form__label-text\" >Ciudad<span class=\"jet-form__required\">*<\/span><\/span>\n\t<\/div><input class=\"jet-form__field text-field \" value=\"\" required=\"required\" name=\"ciudad\" id=\"ciudad\" type=\"text\" data-field-name=\"ciudad\"><\/div><div class=\"jet-form-col jet-form-col-6  field-type-text  jet-form-field-container\" data-field=\"pais\" data-conditional=\"false\"><div class=\"jet-form__label\">\n\t<span class=\"jet-form__label-text\" >Pa\u00eds<span class=\"jet-form__required\">*<\/span><\/span>\n\t<\/div><input class=\"jet-form__field text-field \" value=\"\" required=\"required\" name=\"pais\" id=\"pais\" type=\"text\" data-field-name=\"pais\"><\/div><\/div><div  class=\"jet-form-row\"><div class=\"jet-form-col jet-form-col-6  field-type-text  jet-form-field-container\" data-field=\"correo-electronico\" data-conditional=\"false\"><div class=\"jet-form__label\">\n\t<span class=\"jet-form__label-text\" >Correo electr\u00f3nico<span class=\"jet-form__required\">*<\/span><\/span>\n\t<\/div><input class=\"jet-form__field text-field \" value=\"\" required=\"required\" name=\"correo-electronico\" id=\"correo-electronico\" type=\"email\" data-field-name=\"correo-electronico\"><\/div><div class=\"jet-form-col jet-form-col-6  field-type-text  jet-form-field-container\" data-field=\"telefono\" data-conditional=\"false\"><div class=\"jet-form__label\">\n\t<span class=\"jet-form__label-text\" >Tel\u00e9fono<span class=\"jet-form__required\">*<\/span><\/span>\n\t<\/div><input class=\"jet-form__field text-field \" value=\"\" required=\"required\" name=\"telefono\" id=\"telefono\" type=\"tel\" data-field-name=\"telefono\"><\/div><\/div><div  class=\"jet-form-row\"><div class=\"jet-form-col jet-form-col-12  field-type-media  jet-form-field-container\" data-field=\"upload-cv\" data-conditional=\"false\"><div class=\"jet-form__label\">\n\t<span class=\"jet-form__label-text\" >Carga tu CV (DOC, PDF)<span class=\"jet-form__required\">*<\/span><\/span>\n\t<\/div><div class=\"jet-engine-file-upload\">\n\t<div class=\"jet-engine-file-upload__content\">\n\t\t<div class=\"jet-engine-file-upload__loader\"><svg xmlns=\"http:\/\/www.w3.org\/2000\/svg\" width=\"38\" height=\"38\" viewBox=\"0 0 38 38\" stroke=\"#fff\"><g fill=\"none\" fill-rule=\"evenodd\"><g transform=\"translate(1 1)\" stroke-width=\"2\"><circle stroke-opacity=\".5\" cx=\"18\" cy=\"18\" r=\"18\"\/><path d=\"M36 18c0-9.94-8.06-18-18-18\" transform=\"rotate(137.826 18 18)\"><animateTransform attributeName=\"transform\" type=\"rotate\" from=\"0 18 18\" to=\"360 18 18\" dur=\"1s\" repeatCount=\"indefinite\"\/><\/path><\/g><\/g><\/svg><\/div>\t\t<div class=\"jet-engine-file-upload__files\"  data-args=\"{&quot;max_files&quot;:1,&quot;insert_attachment&quot;:false,&quot;value_format&quot;:&quot;url&quot;}\"><\/div>\n\t<\/div>\n\t<div class=\"jet-engine-file-upload__fields\">\n\t\t<input class=\"jet-form__field jet-engine-file-upload__value\" type=\"hidden\" name=\"upload-cv\" data-field-name=\"upload-cv\" value=\"\" required=\"required\">\n\t\t<input class=\"jet-form__field file-field jet-engine-file-upload__input\" name=\"upload-cv_input\" type=\"file\" data-form_id=\"5405\" data-field=\"upload-cv\" id=\"upload-cv\" accept=\"application\/pdf,application\/msword\" data-max_size=\"2097152\">\n\t<\/div>\n\t<div class=\"jet-engine-file-upload__message\"><small>Maximum file size: 2 MB<\/small><\/div>\n\t<div class=\"jet-engine-file-upload__errors is-hidden\"><\/div>\n<\/div><\/div><\/div><div  class=\"jet-form-row\"><div class=\"jet-form-col jet-form-col-12  field-type-checkboxes  jet-form-field-container\" data-field=\"privacy\" data-conditional=\"false\"><div class=\"jet-form__fields-group checkradio-wrap\">\t\t<div class=\"jet-form__field-wrap checkboxes-wrap checkradio-wrap\">\n\t\t\t\t\t\t<label class=\"jet-form__field-label\">\n\t\t\t\t<input\n\t\t\t\t\ttype=\"checkbox\"\n\t\t\t\t\tname=\"privacy\"\n\t\t\t\t\tclass=\"jet-form__field checkboxes-field checkradio-field checkboxes-required\"\n\t\t\t\t\tvalue=\"Agree\"\n\t\t\t\t\tdata-field-name=\"privacy\"\n\t\t\t\t\t\t\t\t\t\trequired=\"required\"\t\t\t\t\t\t\t\t\t>\n\t\t\t\t<b>Confirmo que he le\u00eddo y entendido la&nbsp;<a href=\"https:\/\/www.ovaprojects.com\/es\/politica-de-privacidad-politica-de-cookies\/\" target=_blank>politica de privacidad<\/a><\/b>\t\t\t<\/label>\n\t\t<\/div>\n\t\t<\/div><small class=\"jet-form__desc\"><span class=\"jet-form__desc-text\">Todos los campos son obligatorios.<\/span><\/small><\/div><\/div><div  class=\"jet-form-row jet-form-row--submit\"><div class=\"jet-form-col jet-form-col-12  field-type-submit  jet-form-field-container\" data-field=\"Submit\" data-conditional=\"false\"><div class=\"jet-form__submit-wrap\">\n\t\t<button class=\"jet-form__submit submit-type-reload\" type=\"submit\">Enviar correo electr\u00f3nico<\/button>\n<\/div><\/div><\/div><input class=\"jet-form__field hidden-field\" type=\"hidden\" name=\"_jet_engine_nonce\" value=\"710edcce5b\" data-field-name=\"_jet_engine_nonce\"><\/form>\t\t<\/div>\n\t\t\t\t<\/div>\n\t\t\t\t\t<\/div>\n\t\t<\/div>\n\t\t\t\t\t<\/div>\n\t\t<\/section>\n\t\t\t\t<section class=\"elementor-section elementor-top-section elementor-element elementor-element-ccb65a2 elementor-section-boxed elementor-section-height-default elementor-section-height-default\" data-id=\"ccb65a2\" data-element_type=\"section\" data-settings=\"{&quot;jet_parallax_layout_list&quot;:[]}\">\n\t\t\t\t\t\t<div class=\"elementor-container elementor-column-gap-default\">\n\t\t\t\t\t<div class=\"elementor-column elementor-col-100 elementor-top-column elementor-element elementor-element-17002a3\" data-id=\"17002a3\" data-element_type=\"column\">\n\t\t\t<div class=\"elementor-widget-wrap elementor-element-populated\">\n\t\t\t\t\t\t<div class=\"elementor-element elementor-element-05eb21c elementor-widget elementor-widget-spacer\" data-id=\"05eb21c\" data-element_type=\"widget\" data-widget_type=\"spacer.default\">\n\t\t\t\t<div class=\"elementor-widget-container\">\n\t\t\t\t\t<div class=\"elementor-spacer\">\n\t\t\t<div class=\"elementor-spacer-inner\"><\/div>\n\t\t<\/div>\n\t\t\t\t<\/div>\n\t\t\t\t<\/div>\n\t\t\t\t\t<\/div>\n\t\t<\/div>\n\t\t\t\t\t<\/div>\n\t\t<\/section>\n\t\t\t\t<\/div>\n\t\t","protected":false},"excerpt":{"rendered":"<p>Trabaja con nosotros \u00bfPor qu\u00e9 quieres trabajar con nosotros? * Nombre* Apellido* Ciudad* Pa\u00eds* Correo electr\u00f3nico* Tel\u00e9fono* Carga tu CV (DOC, PDF)* Maximum file size: 2 MB Acepto la privacy policy Todos los campos son obligatorios. Enviar correo electr\u00f3nico<\/p>\n","protected":false},"author":1,"featured_media":0,"parent":0,"menu_order":0,"comment_status":"closed","ping_status":"closed","template":"","meta":{"_acf_changed":false,"footnotes":""},"class_list":["post-5000","page","type-page","status-publish","hentry"],"acf":[],"yoast_head":"<!-- This site is optimized with the Yoast SEO plugin v23.5 - https:\/\/yoast.com\/wordpress\/plugins\/seo\/ -->\n<title>Trabaja con nosotros - OVA projects<\/title>\n<meta name=\"robots\" content=\"index, follow, max-snippet:-1, max-image-preview:large, max-video-preview:-1\" \/>\n<link rel=\"canonical\" href=\"https:\/\/www.ovaprojects.com\/es\/trabaja-con-nosotros\/\" \/>\n<meta property=\"og:locale\" content=\"es_ES\" \/>\n<meta property=\"og:type\" content=\"article\" \/>\n<meta property=\"og:title\" content=\"Trabaja con nosotros - OVA projects\" \/>\n<meta property=\"og:description\" content=\"Trabaja con nosotros \u00bfPor qu\u00e9 quieres trabajar con nosotros? * Nombre* Apellido* Ciudad* Pa\u00eds* Correo electr\u00f3nico* Tel\u00e9fono* Carga tu CV (DOC, PDF)* Maximum file size: 2 MB Acepto la privacy policy Todos los campos son obligatorios. Enviar correo electr\u00f3nico\" \/>\n<meta property=\"og:url\" content=\"https:\/\/www.ovaprojects.com\/es\/trabaja-con-nosotros\/\" \/>\n<meta property=\"og:site_name\" content=\"OVA projects\" \/>\n<meta property=\"article:modified_time\" content=\"2022-09-15T15:00:48+00:00\" \/>\n<meta property=\"og:image\" content=\"https:\/\/www.ovaprojects.com\/wp-content\/uploads\/2022\/09\/work-with-us-ova-projects-handshake-499x1024.jpg\" \/>\n<meta name=\"twitter:card\" content=\"summary_large_image\" \/>\n<meta name=\"twitter:label1\" content=\"Tiempo de lectura\" \/>\n\t<meta name=\"twitter:data1\" content=\"1 minuto\" \/>\n<script type=\"application\/ld+json\" class=\"yoast-schema-graph\">{\"@context\":\"https:\/\/schema.org\",\"@graph\":[{\"@type\":\"WebPage\",\"@id\":\"https:\/\/www.ovaprojects.com\/es\/trabaja-con-nosotros\/\",\"url\":\"https:\/\/www.ovaprojects.com\/es\/trabaja-con-nosotros\/\",\"name\":\"Trabaja con nosotros - OVA projects\",\"isPartOf\":{\"@id\":\"https:\/\/www.ovaprojects.com\/es\/#website\"},\"primaryImageOfPage\":{\"@id\":\"https:\/\/www.ovaprojects.com\/es\/trabaja-con-nosotros\/#primaryimage\"},\"image\":{\"@id\":\"https:\/\/www.ovaprojects.com\/es\/trabaja-con-nosotros\/#primaryimage\"},\"thumbnailUrl\":\"https:\/\/www.ovaprojects.com\/wp-content\/uploads\/2022\/09\/work-with-us-ova-projects-handshake-499x1024.jpg\",\"datePublished\":\"2022-05-16T14:52:32+00:00\",\"dateModified\":\"2022-09-15T15:00:48+00:00\",\"breadcrumb\":{\"@id\":\"https:\/\/www.ovaprojects.com\/es\/trabaja-con-nosotros\/#breadcrumb\"},\"inLanguage\":\"es\",\"potentialAction\":[{\"@type\":\"ReadAction\",\"target\":[\"https:\/\/www.ovaprojects.com\/es\/trabaja-con-nosotros\/\"]}]},{\"@type\":\"ImageObject\",\"inLanguage\":\"es\",\"@id\":\"https:\/\/www.ovaprojects.com\/es\/trabaja-con-nosotros\/#primaryimage\",\"url\":\"https:\/\/www.ovaprojects.com\/wp-content\/uploads\/2022\/09\/work-with-us-ova-projects-handshake-499x1024.jpg\",\"contentUrl\":\"https:\/\/www.ovaprojects.com\/wp-content\/uploads\/2022\/09\/work-with-us-ova-projects-handshake-499x1024.jpg\"},{\"@type\":\"BreadcrumbList\",\"@id\":\"https:\/\/www.ovaprojects.com\/es\/trabaja-con-nosotros\/#breadcrumb\",\"itemListElement\":[{\"@type\":\"ListItem\",\"position\":1,\"name\":\"Home\",\"item\":\"https:\/\/www.ovaprojects.com\/es\/\"},{\"@type\":\"ListItem\",\"position\":2,\"name\":\"Trabaja con nosotros\"}]},{\"@type\":\"WebSite\",\"@id\":\"https:\/\/www.ovaprojects.com\/es\/#website\",\"url\":\"https:\/\/www.ovaprojects.com\/es\/\",\"name\":\"OVA projects\",\"description\":\"dosing and filling technology\",\"publisher\":{\"@id\":\"https:\/\/www.ovaprojects.com\/es\/#organization\"},\"potentialAction\":[{\"@type\":\"SearchAction\",\"target\":{\"@type\":\"EntryPoint\",\"urlTemplate\":\"https:\/\/www.ovaprojects.com\/es\/?s={search_term_string}\"},\"query-input\":{\"@type\":\"PropertyValueSpecification\",\"valueRequired\":true,\"valueName\":\"search_term_string\"}}],\"inLanguage\":\"es\"},{\"@type\":\"Organization\",\"@id\":\"https:\/\/www.ovaprojects.com\/es\/#organization\",\"name\":\"OVA projects\",\"url\":\"https:\/\/www.ovaprojects.com\/es\/\",\"logo\":{\"@type\":\"ImageObject\",\"inLanguage\":\"es\",\"@id\":\"https:\/\/www.ovaprojects.com\/es\/#\/schema\/logo\/image\/\",\"url\":\"https:\/\/www.ovaprojects.com\/wp-content\/uploads\/2022\/03\/logo-ova-projects.png\",\"contentUrl\":\"https:\/\/www.ovaprojects.com\/wp-content\/uploads\/2022\/03\/logo-ova-projects.png\",\"width\":512,\"height\":246,\"caption\":\"OVA projects\"},\"image\":{\"@id\":\"https:\/\/www.ovaprojects.com\/es\/#\/schema\/logo\/image\/\"}}]}<\/script>\n<!-- \/ Yoast SEO plugin. -->","yoast_head_json":{"title":"Trabaja con nosotros - OVA projects","robots":{"index":"index","follow":"follow","max-snippet":"max-snippet:-1","max-image-preview":"max-image-preview:large","max-video-preview":"max-video-preview:-1"},"canonical":"https:\/\/www.ovaprojects.com\/es\/trabaja-con-nosotros\/","og_locale":"es_ES","og_type":"article","og_title":"Trabaja con nosotros - OVA projects","og_description":"Trabaja con nosotros \u00bfPor qu\u00e9 quieres trabajar con nosotros? * Nombre* Apellido* Ciudad* Pa\u00eds* Correo electr\u00f3nico* Tel\u00e9fono* Carga tu CV (DOC, PDF)* Maximum file size: 2 MB Acepto la privacy policy Todos los campos son obligatorios. Enviar correo electr\u00f3nico","og_url":"https:\/\/www.ovaprojects.com\/es\/trabaja-con-nosotros\/","og_site_name":"OVA projects","article_modified_time":"2022-09-15T15:00:48+00:00","og_image":[{"url":"https:\/\/www.ovaprojects.com\/wp-content\/uploads\/2022\/09\/work-with-us-ova-projects-handshake-499x1024.jpg"}],"twitter_card":"summary_large_image","twitter_misc":{"Tiempo de lectura":"1 minuto"},"schema":{"@context":"https:\/\/schema.org","@graph":[{"@type":"WebPage","@id":"https:\/\/www.ovaprojects.com\/es\/trabaja-con-nosotros\/","url":"https:\/\/www.ovaprojects.com\/es\/trabaja-con-nosotros\/","name":"Trabaja con nosotros - OVA projects","isPartOf":{"@id":"https:\/\/www.ovaprojects.com\/es\/#website"},"primaryImageOfPage":{"@id":"https:\/\/www.ovaprojects.com\/es\/trabaja-con-nosotros\/#primaryimage"},"image":{"@id":"https:\/\/www.ovaprojects.com\/es\/trabaja-con-nosotros\/#primaryimage"},"thumbnailUrl":"https:\/\/www.ovaprojects.com\/wp-content\/uploads\/2022\/09\/work-with-us-ova-projects-handshake-499x1024.jpg","datePublished":"2022-05-16T14:52:32+00:00","dateModified":"2022-09-15T15:00:48+00:00","breadcrumb":{"@id":"https:\/\/www.ovaprojects.com\/es\/trabaja-con-nosotros\/#breadcrumb"},"inLanguage":"es","potentialAction":[{"@type":"ReadAction","target":["https:\/\/www.ovaprojects.com\/es\/trabaja-con-nosotros\/"]}]},{"@type":"ImageObject","inLanguage":"es","@id":"https:\/\/www.ovaprojects.com\/es\/trabaja-con-nosotros\/#primaryimage","url":"https:\/\/www.ovaprojects.com\/wp-content\/uploads\/2022\/09\/work-with-us-ova-projects-handshake-499x1024.jpg","contentUrl":"https:\/\/www.ovaprojects.com\/wp-content\/uploads\/2022\/09\/work-with-us-ova-projects-handshake-499x1024.jpg"},{"@type":"BreadcrumbList","@id":"https:\/\/www.ovaprojects.com\/es\/trabaja-con-nosotros\/#breadcrumb","itemListElement":[{"@type":"ListItem","position":1,"name":"Home","item":"https:\/\/www.ovaprojects.com\/es\/"},{"@type":"ListItem","position":2,"name":"Trabaja con nosotros"}]},{"@type":"WebSite","@id":"https:\/\/www.ovaprojects.com\/es\/#website","url":"https:\/\/www.ovaprojects.com\/es\/","name":"OVA projects","description":"dosing and filling technology","publisher":{"@id":"https:\/\/www.ovaprojects.com\/es\/#organization"},"potentialAction":[{"@type":"SearchAction","target":{"@type":"EntryPoint","urlTemplate":"https:\/\/www.ovaprojects.com\/es\/?s={search_term_string}"},"query-input":{"@type":"PropertyValueSpecification","valueRequired":true,"valueName":"search_term_string"}}],"inLanguage":"es"},{"@type":"Organization","@id":"https:\/\/www.ovaprojects.com\/es\/#organization","name":"OVA projects","url":"https:\/\/www.ovaprojects.com\/es\/","logo":{"@type":"ImageObject","inLanguage":"es","@id":"https:\/\/www.ovaprojects.com\/es\/#\/schema\/logo\/image\/","url":"https:\/\/www.ovaprojects.com\/wp-content\/uploads\/2022\/03\/logo-ova-projects.png","contentUrl":"https:\/\/www.ovaprojects.com\/wp-content\/uploads\/2022\/03\/logo-ova-projects.png","width":512,"height":246,"caption":"OVA projects"},"image":{"@id":"https:\/\/www.ovaprojects.com\/es\/#\/schema\/logo\/image\/"}}]}},"_links":{"self":[{"href":"https:\/\/www.ovaprojects.com\/es\/wp-json\/wp\/v2\/pages\/5000","targetHints":{"allow":["GET"]}}],"collection":[{"href":"https:\/\/www.ovaprojects.com\/es\/wp-json\/wp\/v2\/pages"}],"about":[{"href":"https:\/\/www.ovaprojects.com\/es\/wp-json\/wp\/v2\/types\/page"}],"author":[{"embeddable":true,"href":"https:\/\/www.ovaprojects.com\/es\/wp-json\/wp\/v2\/users\/1"}],"replies":[{"embeddable":true,"href":"https:\/\/www.ovaprojects.com\/es\/wp-json\/wp\/v2\/comments?post=5000"}],"version-history":[{"count":0,"href":"https:\/\/www.ovaprojects.com\/es\/wp-json\/wp\/v2\/pages\/5000\/revisions"}],"wp:attachment":[{"href":"https:\/\/www.ovaprojects.com\/es\/wp-json\/wp\/v2\/media?parent=5000"}],"curies":[{"name":"wp","href":"https:\/\/api.w.org\/{rel}","templated":true}]}}