{"id":4644,"date":"2022-05-16T16:50:37","date_gmt":"2022-05-16T14:50:37","guid":{"rendered":"https:\/\/www.ovaprojects.com\/empresa\/"},"modified":"2022-09-19T17:03:06","modified_gmt":"2022-09-19T15:03:06","slug":"empresa","status":"publish","type":"page","link":"https:\/\/www.ovaprojects.com\/es\/empresa\/","title":{"rendered":"Empresa"},"content":{"rendered":"\t\t<div data-elementor-type=\"wp-page\" data-elementor-id=\"4644\" class=\"elementor elementor-4644 elementor-1896\">\n\t\t\t\t\t\t<section class=\"elementor-section elementor-top-section elementor-element elementor-element-9cfb912 elementor-section-boxed elementor-section-height-default elementor-section-height-default\" data-id=\"9cfb912\" data-element_type=\"section\" data-settings=\"{&quot;jet_parallax_layout_list&quot;:[]}\">\n\t\t\t\t\t\t<div class=\"elementor-container elementor-column-gap-default\">\n\t\t\t\t\t<div class=\"elementor-column elementor-col-100 elementor-top-column elementor-element elementor-element-06047d1\" data-id=\"06047d1\" data-element_type=\"column\">\n\t\t\t<div class=\"elementor-widget-wrap elementor-element-populated\">\n\t\t\t\t\t\t<div class=\"elementor-element elementor-element-c256cf1 elementor-widget elementor-widget-text-editor\" data-id=\"c256cf1\" data-element_type=\"widget\" data-widget_type=\"text-editor.default\">\n\t\t\t\t<div class=\"elementor-widget-container\">\n\t\t\t\t\t\t\t<p>Empresa<\/p>\t\t\t\t\t\t<\/div>\n\t\t\t\t<\/div>\n\t\t\t\t\t<\/div>\n\t\t<\/div>\n\t\t\t\t\t<\/div>\n\t\t<\/section>\n\t\t\t\t<section class=\"elementor-section elementor-top-section elementor-element elementor-element-ccb65a2 elementor-section-boxed elementor-section-height-default elementor-section-height-default\" data-id=\"ccb65a2\" data-element_type=\"section\" data-settings=\"{&quot;jet_parallax_layout_list&quot;:[]}\">\n\t\t\t\t\t\t<div class=\"elementor-container elementor-column-gap-default\">\n\t\t\t\t\t<div class=\"elementor-column elementor-col-100 elementor-top-column elementor-element elementor-element-17002a3\" data-id=\"17002a3\" data-element_type=\"column\">\n\t\t\t<div class=\"elementor-widget-wrap elementor-element-populated\">\n\t\t\t\t\t\t<div class=\"elementor-element elementor-element-e58661b elementor-widget elementor-widget-timeline-widget-addon\" data-id=\"e58661b\" data-element_type=\"widget\" data-widget_type=\"timeline-widget-addon.default\">\n\t\t\t\t<div class=\"elementor-widget-container\">\n\t\t\t<!-- ========= Timeline Widget  Addon For Elementor 1.6.0 ========= -->\r\n<div id=\"twae-wrapper-e58661b\" class=\"twae-wrapper twae-horizontal-timeline\">\r\n<div class=\"twae-wrapper-inside\">\r\n <div id=\"twae-slider-container-e58661b\" data-dir=\"\" data-slidestoshow=\"3\" data-autoplay=\"true\" data-auto-height=\"false\" class=\"twae-slider-container swiper-container\">\r\n <div  class=\"twae-slider-wrapper swiper-wrapper auto-height\"><!-- Start of Story Repeater Content --><div id=\"twae-article-999e3e0\" class=\"twae-repeater-item twae-story swiper-slide twae-story-no-icon\"><!-- Story Label --><div class=\"twae-labels\"><div class=\"twae-label-big\">2008<\/div><\/div><!-- Story Icon --><div class=\"twae-icon\"><i aria-hidden=\"true\" class=\"far fa-check-circle\"><\/i><\/div><!-- Story Arrow --><div class=\"twae-arrow\"><\/div><!-- Start of Story Content --><div class=\"twae-content\"><!-- Story Image --><div class=\"twae-media medium_large\"><img fetchpriority=\"high\" decoding=\"async\" width=\"640\" height=\"420\" src=\"https:\/\/www.ovaprojects.com\/wp-content\/uploads\/2022\/09\/hitos-fundacion.png\" class=\"attachment-medium_large size-medium_large\" alt=\"OVA projects Fundaci\u00f3n\" srcset=\"https:\/\/www.ovaprojects.com\/wp-content\/uploads\/2022\/09\/hitos-fundacion.png 640w, https:\/\/www.ovaprojects.com\/wp-content\/uploads\/2022\/09\/hitos-fundacion-300x197.png 300w\" sizes=\"(max-width: 640px) 100vw, 640px\" \/><\/div><!-- Story Title --><div class=\"twae-title\">2008<\/div><!-- Story Description --><div class=\"twae-description\"><p>Nuestra empresa proviene de la experiencia y los conocimientos previos de nuestros miembros fundadores, adquiridos trabajando en la industria alimentaria durante muchos a\u00f1os. Inicialmente, la principal actividad empresarial era el suministro a terceros, fabricando componentes <strong>individual de l\u00ednea para la industria de la panader\u00eda y pasteler\u00eda<\/strong>, en una peque\u00f1a nave ubicada en Santa Eugenia de Berga.<\/p><\/div><\/div><\/div><!-- Start of Story Repeater Content --><div id=\"twae-article-cf54ea2\" class=\"twae-repeater-item twae-story swiper-slide twae-story-no-icon\"><!-- Story Label --><div class=\"twae-labels\"><div class=\"twae-label-big twae-label-big\">2015<\/div><\/div><!-- Story Icon --><div class=\"twae-icon\"><i aria-hidden=\"true\" class=\"far fa-check-circle\"><\/i><\/div><!-- Story Arrow --><div class=\"twae-arrow\"><\/div><!-- Start of Story Content --><div class=\"twae-content\"><!-- Story Image --><div class=\"twae-media medium_large\"><img decoding=\"async\" width=\"640\" height=\"420\" src=\"https:\/\/www.ovaprojects.com\/wp-content\/uploads\/2022\/09\/hitos-firma.png\" class=\"attachment-medium_large size-medium_large\" alt=\"OVA projects firma\" srcset=\"https:\/\/www.ovaprojects.com\/wp-content\/uploads\/2022\/09\/hitos-firma.png 640w, https:\/\/www.ovaprojects.com\/wp-content\/uploads\/2022\/09\/hitos-firma-300x197.png 300w\" sizes=\"(max-width: 640px) 100vw, 640px\" \/><\/div><!-- Story Title --><div class=\"twae-title twae-title\">2015<\/div><!-- Story Description --><div class=\"twae-description twae-description\"><p>Gracias a las habilidades y resultados obtenidos con la creaci\u00f3n de maquinaria innovadora y personalizada, la propiedad decidi\u00f3 cambiar t\u00e1ctica de negocio <strong>promoviendo la marca Ova Projects<\/strong>.<\/p><p><strong>Ova est\u00e1 especializada y destaca por su gran variedad de maquinaria<\/strong>. Posteriormente se traslada a su actual sede en Vic, a donde, el aumento de plantilla y de los recursos permite un notable crecimiento. Las nuevas metas de OVA Projects son la alta tecnolog\u00eda y el servicio postventa, elementos esenciales para la larga vida de sus productos.<\/p><\/div><\/div><\/div><!-- Start of Story Repeater Content --><div id=\"twae-article-abe0136\" class=\"twae-repeater-item twae-story swiper-slide twae-story-no-icon\"><!-- Story Label --><div class=\"twae-labels\"><div class=\"twae-label-big twae-label-big twae-label-big\">2018<\/div><\/div><!-- Story Icon --><div class=\"twae-icon\"><i aria-hidden=\"true\" class=\"far fa-check-circle\"><\/i><\/div><!-- Story Arrow --><div class=\"twae-arrow\"><\/div><!-- Start of Story Content --><div class=\"twae-content\"><!-- Story Image --><div class=\"twae-media medium_large\"><img decoding=\"async\" width=\"640\" height=\"420\" src=\"https:\/\/www.ovaprojects.com\/wp-content\/uploads\/2022\/09\/hitos-crecimiento.png\" class=\"attachment-medium_large size-medium_large\" alt=\"OVA projects Crecimiento\" srcset=\"https:\/\/www.ovaprojects.com\/wp-content\/uploads\/2022\/09\/hitos-crecimiento.png 640w, https:\/\/www.ovaprojects.com\/wp-content\/uploads\/2022\/09\/hitos-crecimiento-300x197.png 300w\" sizes=\"(max-width: 640px) 100vw, 640px\" \/><\/div><!-- Story Title --><div class=\"twae-title twae-title twae-title\">2018<\/div><!-- Story Description --><div class=\"twae-description twae-description twae-description\"><p>La dedicaci\u00f3n a la misi\u00f3n de la empresa, la creaci\u00f3n de patentes propias y la participaci\u00f3n en las ferias comerciales m\u00e1s importantes del mundo en el sector alimentario, han hecho que Ova Projects pueda llegar a clientes en <strong>4 continentes diferentes, aumentando los ingresos hasta en un 350%<\/strong>.<\/p><\/div><\/div><\/div><!-- Start of Story Repeater Content --><div id=\"twae-article-4b57578\" class=\"twae-repeater-item twae-story swiper-slide twae-story-no-icon\"><!-- Story Label --><div class=\"twae-labels\"><div class=\"twae-label-big twae-label-big twae-label-big twae-label-big\">2022<\/div><\/div><!-- Story Icon --><div class=\"twae-icon\"><i aria-hidden=\"true\" class=\"far fa-check-circle\"><\/i><\/div><!-- Story Arrow --><div class=\"twae-arrow\"><\/div><!-- Start of Story Content --><div class=\"twae-content\"><!-- Story Image --><div class=\"twae-media medium_large\"><img loading=\"lazy\" decoding=\"async\" width=\"640\" height=\"420\" src=\"https:\/\/www.ovaprojects.com\/wp-content\/uploads\/2022\/09\/hitos-nuevo-establecimiento.png\" class=\"attachment-medium_large size-medium_large\" alt=\"OVA projects nuevo establecimiento\" srcset=\"https:\/\/www.ovaprojects.com\/wp-content\/uploads\/2022\/09\/hitos-nuevo-establecimiento.png 640w, https:\/\/www.ovaprojects.com\/wp-content\/uploads\/2022\/09\/hitos-nuevo-establecimiento-300x197.png 300w\" sizes=\"(max-width: 640px) 100vw, 640px\" \/><\/div><!-- Story Title --><div class=\"twae-title twae-title twae-title twae-title\">2022<\/div><!-- Story Description --><div class=\"twae-description twae-description twae-description twae-description\"><p>Ova Projects opta por invertir tambi\u00e9n en su propio sistema de producci\u00f3n, finalizando la construcci\u00f3n de sus nuevas instalaciones, duplicando la superficie actual. <strong>Esto permitir\u00e1 un mayor crecimiento al tener espacios de trabajo m\u00e1s grandes y agregar nuevos miembros al equipo<\/strong>. La misi\u00f3n de Ova siempre ser\u00e1 desarrollar nuevos proyectos y ofrecer a sus clientes no solo un producto, sino tambi\u00e9n una experiencia a medida.<\/p><\/div><\/div><\/div><\/div><\/div><\/div> <!-- Add Arrows -->\r\n       <div class=\"twae-button-prev\"><i class=\"fas fa-chevron-left\"><\/i><\/div>\r\n       <div class=\"twae-button-next\"><i class=\"fas fa-chevron-right\"><\/i><\/div>\r\n       <div class=\"twae-h-line\"><\/div>\r\n       <div class=\"twae-line-fill\"><\/div>\r\n    <\/div><style type=\"text\/css\">@media (max-width: 1024px){ .twae-wrapper{--tw-ybx-size: 75px !important;}}@media (max-width: 767px){ .twae-wrapper{--tw-ybx-size: 75px !important}}<\/style>\t\t<\/div>\n\t\t\t\t<\/div>\n\t\t\t\t<div class=\"elementor-element elementor-element-05eb21c elementor-widget elementor-widget-spacer\" data-id=\"05eb21c\" data-element_type=\"widget\" data-widget_type=\"spacer.default\">\n\t\t\t\t<div class=\"elementor-widget-container\">\n\t\t\t\t\t<div class=\"elementor-spacer\">\n\t\t\t<div class=\"elementor-spacer-inner\"><\/div>\n\t\t<\/div>\n\t\t\t\t<\/div>\n\t\t\t\t<\/div>\n\t\t\t\t\t<\/div>\n\t\t<\/div>\n\t\t\t\t\t<\/div>\n\t\t<\/section>\n\t\t\t\t<section class=\"elementor-section elementor-top-section elementor-element elementor-element-e003728 elementor-section-boxed elementor-section-height-default elementor-section-height-default\" data-id=\"e003728\" data-element_type=\"section\" data-settings=\"{&quot;jet_parallax_layout_list&quot;:[]}\">\n\t\t\t\t\t\t<div class=\"elementor-container elementor-column-gap-default\">\n\t\t\t\t\t<div class=\"elementor-column elementor-col-100 elementor-top-column elementor-element elementor-element-b909f10\" data-id=\"b909f10\" data-element_type=\"column\">\n\t\t\t<div class=\"elementor-widget-wrap elementor-element-populated\">\n\t\t\t\t\t\t<div class=\"elementor-element elementor-element-85310d5 elementor-widget elementor-widget-spacer\" data-id=\"85310d5\" data-element_type=\"widget\" data-widget_type=\"spacer.default\">\n\t\t\t\t<div class=\"elementor-widget-container\">\n\t\t\t\t\t<div class=\"elementor-spacer\">\n\t\t\t<div class=\"elementor-spacer-inner\"><\/div>\n\t\t<\/div>\n\t\t\t\t<\/div>\n\t\t\t\t<\/div>\n\t\t\t\t\t<\/div>\n\t\t<\/div>\n\t\t\t\t\t<\/div>\n\t\t<\/section>\n\t\t\t\t<\/div>\n\t\t","protected":false},"excerpt":{"rendered":"<p>Empresa 2008 2008 Nuestra empresa proviene de la experiencia y los conocimientos previos de nuestros miembros fundadores, adquiridos trabajando en la industria alimentaria durante muchos a\u00f1os. Inicialmente, la principal actividad empresarial era el suministro a terceros, fabricando componentes individual de l\u00ednea para la industria de la panader\u00eda y pasteler\u00eda, en una peque\u00f1a nave ubicada en [&hellip;]<\/p>\n","protected":false},"author":1,"featured_media":0,"parent":0,"menu_order":0,"comment_status":"closed","ping_status":"closed","template":"","meta":{"_acf_changed":false,"footnotes":""},"class_list":["post-4644","page","type-page","status-publish","hentry"],"acf":[],"yoast_head":"<!-- This site is optimized with the Yoast SEO plugin v23.5 - https:\/\/yoast.com\/wordpress\/plugins\/seo\/ -->\n<title>Ova Projects contactos<\/title>\n<meta name=\"description\" content=\"Ova Projects contactos. \u00bfEst\u00e1s buscando un representante OVA? cont\u00e1ctenos\" \/>\n<meta name=\"robots\" content=\"index, follow, max-snippet:-1, max-image-preview:large, max-video-preview:-1\" \/>\n<link rel=\"canonical\" href=\"https:\/\/www.ovaprojects.com\/es\/empresa\/\" \/>\n<meta property=\"og:locale\" content=\"es_ES\" \/>\n<meta property=\"og:type\" content=\"article\" \/>\n<meta property=\"og:title\" content=\"Ova Projects contactos\" \/>\n<meta property=\"og:description\" content=\"Ova Projects contactos. \u00bfEst\u00e1s buscando un representante OVA? cont\u00e1ctenos\" \/>\n<meta property=\"og:url\" content=\"https:\/\/www.ovaprojects.com\/es\/empresa\/\" \/>\n<meta property=\"og:site_name\" content=\"OVA projects\" \/>\n<meta property=\"article:modified_time\" content=\"2022-09-19T15:03:06+00:00\" \/>\n<meta property=\"og:image\" content=\"https:\/\/www.ovaprojects.com\/wp-content\/uploads\/2022\/09\/hitos-fundacion.png\" \/>\n<meta name=\"twitter:card\" content=\"summary_large_image\" \/>\n<meta name=\"twitter:label1\" content=\"Tiempo de lectura\" \/>\n\t<meta name=\"twitter:data1\" content=\"2 minutos\" \/>\n<script type=\"application\/ld+json\" class=\"yoast-schema-graph\">{\"@context\":\"https:\/\/schema.org\",\"@graph\":[{\"@type\":\"WebPage\",\"@id\":\"https:\/\/www.ovaprojects.com\/es\/empresa\/\",\"url\":\"https:\/\/www.ovaprojects.com\/es\/empresa\/\",\"name\":\"Ova Projects contactos\",\"isPartOf\":{\"@id\":\"https:\/\/www.ovaprojects.com\/es\/#website\"},\"primaryImageOfPage\":{\"@id\":\"https:\/\/www.ovaprojects.com\/es\/empresa\/#primaryimage\"},\"image\":{\"@id\":\"https:\/\/www.ovaprojects.com\/es\/empresa\/#primaryimage\"},\"thumbnailUrl\":\"https:\/\/www.ovaprojects.com\/wp-content\/uploads\/2022\/09\/hitos-fundacion.png\",\"datePublished\":\"2022-05-16T14:50:37+00:00\",\"dateModified\":\"2022-09-19T15:03:06+00:00\",\"description\":\"Ova Projects contactos. \u00bfEst\u00e1s buscando un representante OVA? cont\u00e1ctenos\",\"breadcrumb\":{\"@id\":\"https:\/\/www.ovaprojects.com\/es\/empresa\/#breadcrumb\"},\"inLanguage\":\"es\",\"potentialAction\":[{\"@type\":\"ReadAction\",\"target\":[\"https:\/\/www.ovaprojects.com\/es\/empresa\/\"]}]},{\"@type\":\"ImageObject\",\"inLanguage\":\"es\",\"@id\":\"https:\/\/www.ovaprojects.com\/es\/empresa\/#primaryimage\",\"url\":\"https:\/\/www.ovaprojects.com\/wp-content\/uploads\/2022\/09\/hitos-fundacion.png\",\"contentUrl\":\"https:\/\/www.ovaprojects.com\/wp-content\/uploads\/2022\/09\/hitos-fundacion.png\"},{\"@type\":\"BreadcrumbList\",\"@id\":\"https:\/\/www.ovaprojects.com\/es\/empresa\/#breadcrumb\",\"itemListElement\":[{\"@type\":\"ListItem\",\"position\":1,\"name\":\"Home\",\"item\":\"https:\/\/www.ovaprojects.com\/es\/\"},{\"@type\":\"ListItem\",\"position\":2,\"name\":\"Empresa\"}]},{\"@type\":\"WebSite\",\"@id\":\"https:\/\/www.ovaprojects.com\/es\/#website\",\"url\":\"https:\/\/www.ovaprojects.com\/es\/\",\"name\":\"OVA projects\",\"description\":\"dosing and filling technology\",\"publisher\":{\"@id\":\"https:\/\/www.ovaprojects.com\/es\/#organization\"},\"potentialAction\":[{\"@type\":\"SearchAction\",\"target\":{\"@type\":\"EntryPoint\",\"urlTemplate\":\"https:\/\/www.ovaprojects.com\/es\/?s={search_term_string}\"},\"query-input\":{\"@type\":\"PropertyValueSpecification\",\"valueRequired\":true,\"valueName\":\"search_term_string\"}}],\"inLanguage\":\"es\"},{\"@type\":\"Organization\",\"@id\":\"https:\/\/www.ovaprojects.com\/es\/#organization\",\"name\":\"OVA projects\",\"url\":\"https:\/\/www.ovaprojects.com\/es\/\",\"logo\":{\"@type\":\"ImageObject\",\"inLanguage\":\"es\",\"@id\":\"https:\/\/www.ovaprojects.com\/es\/#\/schema\/logo\/image\/\",\"url\":\"https:\/\/www.ovaprojects.com\/wp-content\/uploads\/2022\/03\/logo-ova-projects.png\",\"contentUrl\":\"https:\/\/www.ovaprojects.com\/wp-content\/uploads\/2022\/03\/logo-ova-projects.png\",\"width\":512,\"height\":246,\"caption\":\"OVA projects\"},\"image\":{\"@id\":\"https:\/\/www.ovaprojects.com\/es\/#\/schema\/logo\/image\/\"}}]}<\/script>\n<!-- \/ Yoast SEO plugin. -->","yoast_head_json":{"title":"Ova Projects contactos","description":"Ova Projects contactos. \u00bfEst\u00e1s buscando un representante OVA? cont\u00e1ctenos","robots":{"index":"index","follow":"follow","max-snippet":"max-snippet:-1","max-image-preview":"max-image-preview:large","max-video-preview":"max-video-preview:-1"},"canonical":"https:\/\/www.ovaprojects.com\/es\/empresa\/","og_locale":"es_ES","og_type":"article","og_title":"Ova Projects contactos","og_description":"Ova Projects contactos. \u00bfEst\u00e1s buscando un representante OVA? cont\u00e1ctenos","og_url":"https:\/\/www.ovaprojects.com\/es\/empresa\/","og_site_name":"OVA projects","article_modified_time":"2022-09-19T15:03:06+00:00","og_image":[{"url":"https:\/\/www.ovaprojects.com\/wp-content\/uploads\/2022\/09\/hitos-fundacion.png"}],"twitter_card":"summary_large_image","twitter_misc":{"Tiempo de lectura":"2 minutos"},"schema":{"@context":"https:\/\/schema.org","@graph":[{"@type":"WebPage","@id":"https:\/\/www.ovaprojects.com\/es\/empresa\/","url":"https:\/\/www.ovaprojects.com\/es\/empresa\/","name":"Ova Projects contactos","isPartOf":{"@id":"https:\/\/www.ovaprojects.com\/es\/#website"},"primaryImageOfPage":{"@id":"https:\/\/www.ovaprojects.com\/es\/empresa\/#primaryimage"},"image":{"@id":"https:\/\/www.ovaprojects.com\/es\/empresa\/#primaryimage"},"thumbnailUrl":"https:\/\/www.ovaprojects.com\/wp-content\/uploads\/2022\/09\/hitos-fundacion.png","datePublished":"2022-05-16T14:50:37+00:00","dateModified":"2022-09-19T15:03:06+00:00","description":"Ova Projects contactos. \u00bfEst\u00e1s buscando un representante OVA? cont\u00e1ctenos","breadcrumb":{"@id":"https:\/\/www.ovaprojects.com\/es\/empresa\/#breadcrumb"},"inLanguage":"es","potentialAction":[{"@type":"ReadAction","target":["https:\/\/www.ovaprojects.com\/es\/empresa\/"]}]},{"@type":"ImageObject","inLanguage":"es","@id":"https:\/\/www.ovaprojects.com\/es\/empresa\/#primaryimage","url":"https:\/\/www.ovaprojects.com\/wp-content\/uploads\/2022\/09\/hitos-fundacion.png","contentUrl":"https:\/\/www.ovaprojects.com\/wp-content\/uploads\/2022\/09\/hitos-fundacion.png"},{"@type":"BreadcrumbList","@id":"https:\/\/www.ovaprojects.com\/es\/empresa\/#breadcrumb","itemListElement":[{"@type":"ListItem","position":1,"name":"Home","item":"https:\/\/www.ovaprojects.com\/es\/"},{"@type":"ListItem","position":2,"name":"Empresa"}]},{"@type":"WebSite","@id":"https:\/\/www.ovaprojects.com\/es\/#website","url":"https:\/\/www.ovaprojects.com\/es\/","name":"OVA projects","description":"dosing and filling technology","publisher":{"@id":"https:\/\/www.ovaprojects.com\/es\/#organization"},"potentialAction":[{"@type":"SearchAction","target":{"@type":"EntryPoint","urlTemplate":"https:\/\/www.ovaprojects.com\/es\/?s={search_term_string}"},"query-input":{"@type":"PropertyValueSpecification","valueRequired":true,"valueName":"search_term_string"}}],"inLanguage":"es"},{"@type":"Organization","@id":"https:\/\/www.ovaprojects.com\/es\/#organization","name":"OVA projects","url":"https:\/\/www.ovaprojects.com\/es\/","logo":{"@type":"ImageObject","inLanguage":"es","@id":"https:\/\/www.ovaprojects.com\/es\/#\/schema\/logo\/image\/","url":"https:\/\/www.ovaprojects.com\/wp-content\/uploads\/2022\/03\/logo-ova-projects.png","contentUrl":"https:\/\/www.ovaprojects.com\/wp-content\/uploads\/2022\/03\/logo-ova-projects.png","width":512,"height":246,"caption":"OVA projects"},"image":{"@id":"https:\/\/www.ovaprojects.com\/es\/#\/schema\/logo\/image\/"}}]}},"_links":{"self":[{"href":"https:\/\/www.ovaprojects.com\/es\/wp-json\/wp\/v2\/pages\/4644","targetHints":{"allow":["GET"]}}],"collection":[{"href":"https:\/\/www.ovaprojects.com\/es\/wp-json\/wp\/v2\/pages"}],"about":[{"href":"https:\/\/www.ovaprojects.com\/es\/wp-json\/wp\/v2\/types\/page"}],"author":[{"embeddable":true,"href":"https:\/\/www.ovaprojects.com\/es\/wp-json\/wp\/v2\/users\/1"}],"replies":[{"embeddable":true,"href":"https:\/\/www.ovaprojects.com\/es\/wp-json\/wp\/v2\/comments?post=4644"}],"version-history":[{"count":0,"href":"https:\/\/www.ovaprojects.com\/es\/wp-json\/wp\/v2\/pages\/4644\/revisions"}],"wp:attachment":[{"href":"https:\/\/www.ovaprojects.com\/es\/wp-json\/wp\/v2\/media?parent=4644"}],"curies":[{"name":"wp","href":"https:\/\/api.w.org\/{rel}","templated":true}]}}